{"id":1296,"date":"2025-09-09T09:21:22","date_gmt":"2025-09-09T09:21:22","guid":{"rendered":"https:\/\/relevantcards.com\/?page_id=1296"},"modified":"2025-11-27T08:36:56","modified_gmt":"2025-11-27T08:36:56","slug":"mentions-legales","status":"publish","type":"page","link":"https:\/\/relevantcards.com\/fr\/mentions-legales\/","title":{"rendered":"Mentions l\u00e9gales"},"content":{"rendered":"\n<p><\/p>\n\n\n\n<p><strong>Pr\u00e9sentation du site internet<\/strong><br>Merci de lire avec attention les diff\u00e9rentes modalit\u00e9s d\u2019utilisation du pr\u00e9sent site avant d\u2019y parcourir ses pages. En naviguant sur ce site, vous acceptez sans r\u00e9serve les pr\u00e9sentes modalit\u00e9s. Aussi, conform\u00e9ment \u00e0 l\u2019article n\u00b06 de la Loi n\u00b02004-575 du 21 Juin 2004 pour la confiance dans l\u2019\u00e9conomie num\u00e9rique, les responsables du pr\u00e9sent site internet&nbsp;www.relevantcards.com&nbsp;sont :<\/p>\n\n\n\n<p><strong>Editeur du Site :<\/strong><br>Relevant Cards Num\u00e9ro de SIRET : 991 552 894 000 16<br>Responsable \u00e9ditorial : Olivier Tschirhart<br>9 rue Manfred Behr 68250 Rouffach<br>T\u00e9l\u00e9phone :\u00a0<a href=\"tel:0389732973\">03 89 73 29 73<\/a><br>Fax : 03 89 49 53 89<br>Email :\u00a0<a href=\"mailto:contact@relevantcards.com\">contact@relevantcards.com<\/a><br>Site Web :\u00a0www.relevantcards.com\u00a0<\/p>\n\n\n\n<p><strong>H\u00e9bergement :<\/strong><br>H\u00e9bergeur : KINSTA Ltd<br>Adresse : 71 \u2013 75 Shelton Street, Covent Garden \u2013 London, W2CH9JQ \u2013 Royaume Uni<br>Site Web :&nbsp;<a href=\"https:\/\/kinsta.com\/fr\/\" target=\"_blank\" rel=\"noreferrer noopener\">www.kinsta.com<\/a><\/p>\n\n\n\n<p><strong>D\u00e9veloppement :<\/strong><br>3ma group<br>Adresse : 9 rue Manfred Behr 68250 Rouffach<br>Site Web :&nbsp;<a href=\"https:\/\/www.3magroup.com\/\" target=\"_blank\" rel=\"noreferrer noopener\">www.3magroup.com<\/a><\/p>\n\n\n\n<p><strong>Conditions g\u00e9n\u00e9rales d\u2019utilisation du site et des services propos\u00e9s<\/strong><br>L\u2019utilisation du site implique l\u2019acceptation pleine et enti\u00e8re des conditions g\u00e9n\u00e9rales d\u2019utilisation ci-apr\u00e8s d\u00e9crites. Ces conditions d\u2019utilisation sont susceptibles d\u2019\u00eatre modifi\u00e9es ou compl\u00e9t\u00e9es \u00e0 tout moment, les utilisateurs du site sont donc invit\u00e9s \u00e0 les consulter de mani\u00e8re r\u00e9guli\u00e8re.<\/p>\n\n\n\n<p>Ce site internet est normalement accessible \u00e0 tout moment aux utilisateurs. Une interruption pour raison de maintenance technique peut \u00eatre toutefois d\u00e9cid\u00e9e par Relevant Cards, qui s\u2019efforcera alors de communiquer pr\u00e9alablement aux utilisateurs les dates et heures de l\u2019intervention.<\/p>\n\n\n\n<p>Le site web est mis \u00e0 jour r\u00e9guli\u00e8rement. De la m\u00eame fa\u00e7on, les mentions l\u00e9gales peuvent \u00eatre modifi\u00e9es \u00e0 tout moment : elles s\u2019imposent n\u00e9anmoins \u00e0 l\u2019utilisateur qui est invit\u00e9 \u00e0 s\u2019y r\u00e9f\u00e9rer le plus souvent possible afin d\u2019en prendre connaissance.<\/p>\n\n\n\n<p><strong>Description des services fournis.<\/strong><br>Le site internet a pour objet de fournir une information concernant l\u2019ensemble des activit\u00e9s de la soci\u00e9t\u00e9.<\/p>\n\n\n\n<p>Relevant Cards s\u2019efforce de fournir sur le site des informations aussi pr\u00e9cises que possible. Toutefois, il ne pourra \u00eatre tenu responsable des oublis, des inexactitudes et des carences dans la mise \u00e0 jour, qu\u2019elles soient de son fait ou du fait des tiers partenaires qui lui fournissent ces informations.<\/p>\n\n\n\n<p>Toutes les informations indiqu\u00e9es sur le site sont donn\u00e9es \u00e0 titre indicatif, et sont susceptibles d\u2019\u00e9voluer. Par ailleurs, les renseignements figurant sur le site ne sont pas exhaustifs. Ils sont donn\u00e9s sous r\u00e9serve de modifications ayant \u00e9t\u00e9 apport\u00e9es depuis leur mise en ligne.<\/p>\n\n\n\n<p><strong>Propri\u00e9t\u00e9 intellectuelle et contrefa\u00e7ons<\/strong><br>Relevant Cards est propri\u00e9taire des droits de propri\u00e9t\u00e9 intellectuelle et d\u00e9tient les droits d\u2019usage sur tous les \u00e9l\u00e9ments accessibles sur le site internet, notamment les textes, images, graphismes, logos, vid\u00e9os, ic\u00f4nes et sons.<\/p>\n\n\n\n<p>Toute reproduction, repr\u00e9sentation, modification, publication, adaptation de tout ou partie des \u00e9l\u00e9ments du site, quel que soit le moyen ou le proc\u00e9d\u00e9 utilis\u00e9, est interdite, sauf autorisation \u00e9crite pr\u00e9alable de Relevant Cards.<\/p>\n\n\n\n<p>Toute exploitation non autoris\u00e9e du site ou de l\u2019un quelconque des \u00e9l\u00e9ments qu\u2019il contient sera consid\u00e9r\u00e9e comme constitutive d\u2019une contrefa\u00e7on et poursuivie conform\u00e9ment aux dispositions des articles L.335-2 et suivants du Code de Propri\u00e9t\u00e9 Intellectuelle.<\/p>\n\n\n\n<p><strong>Limitations de responsabilit\u00e9<\/strong><br>Des espaces interactifs (possibilit\u00e9 de poser des questions dans l\u2019espace contact) sont \u00e0 la disposition des utilisateurs. Relevant Cards se r\u00e9serve le droit de supprimer, sans mise en demeure pr\u00e9alable, tout contenu d\u00e9pos\u00e9 dans cet espace qui s\u2019opposerait \u00e0 la l\u00e9gislation applicable en France, en particulier aux dispositions relatives \u00e0 la protection des donn\u00e9es. Le cas \u00e9ch\u00e9ant, Relevant Cards se r\u00e9serve \u00e9galement la possibilit\u00e9 de mettre en cause la responsabilit\u00e9 civile et\/ou p\u00e9nale de l\u2019utilisateur, notamment en cas de message \u00e0 caract\u00e8re raciste, injurieux, diffamant, ou pornographique, quel que soit le support utilis\u00e9 (texte, photographie\u2026).<\/p>\n\n\n\n<p><strong>Cr\u00e9dit photos :<br><\/strong>Adobe Stock, 3ma group.<\/p>\n\n\n\n<p><\/p>\n","protected":false},"excerpt":{"rendered":"<p>Pr\u00e9sentation du site internetMerci de lire avec attention les diff\u00e9rentes modalit\u00e9s d\u2019utilisation du pr\u00e9sent site avant d\u2019y parcourir ses pages. En naviguant sur ce site, vous acceptez sans r\u00e9serve les pr\u00e9sentes modalit\u00e9s. Aussi, conform\u00e9ment \u00e0 l\u2019article n\u00b06 de la Loi n\u00b02004-575 du 21 Juin 2004 pour la confiance dans l\u2019\u00e9conomie num\u00e9rique, les responsables du pr\u00e9sent [&hellip;]<\/p>\n","protected":false},"author":2,"featured_media":0,"parent":0,"menu_order":0,"comment_status":"closed","ping_status":"closed","template":"","meta":{"footnotes":""},"class_list":["post-1296","page","type-page","status-publish","hentry"],"yoast_head":"<!-- This site is optimized with the Yoast SEO plugin v25.9 - https:\/\/yoast.com\/wordpress\/plugins\/seo\/ -->\n<title>Mentions l\u00e9gales | relevantcards<\/title>\n<meta name=\"robots\" content=\"index, follow, max-snippet:-1, max-image-preview:large, max-video-preview:-1\" \/>\n<link rel=\"canonical\" href=\"https:\/\/relevantcards.com\/fr\/mentions-legales\/\" \/>\n<meta property=\"og:locale\" content=\"fr_FR\" \/>\n<meta property=\"og:type\" content=\"article\" \/>\n<meta property=\"og:title\" content=\"Mentions l\u00e9gales | relevantcards\" \/>\n<meta property=\"og:description\" content=\"Pr\u00e9sentation du site internetMerci de lire avec attention les diff\u00e9rentes modalit\u00e9s d\u2019utilisation du pr\u00e9sent site avant d\u2019y parcourir ses pages. En naviguant sur ce site, vous acceptez sans r\u00e9serve les pr\u00e9sentes modalit\u00e9s. Aussi, conform\u00e9ment \u00e0 l\u2019article n\u00b06 de la Loi n\u00b02004-575 du 21 Juin 2004 pour la confiance dans l\u2019\u00e9conomie num\u00e9rique, les responsables du pr\u00e9sent [&hellip;]\" \/>\n<meta property=\"og:url\" content=\"https:\/\/relevantcards.com\/fr\/mentions-legales\/\" \/>\n<meta property=\"og:site_name\" content=\"relevantcards\" \/>\n<meta property=\"article:modified_time\" content=\"2025-11-27T08:36:56+00:00\" \/>\n<meta name=\"twitter:card\" content=\"summary_large_image\" \/>\n<meta name=\"twitter:label1\" content=\"Dur\u00e9e de lecture estim\u00e9e\" \/>\n\t<meta name=\"twitter:data1\" content=\"3 minutes\" \/>\n<script type=\"application\/ld+json\" class=\"yoast-schema-graph\">{\"@context\":\"https:\/\/schema.org\",\"@graph\":[{\"@type\":\"WebPage\",\"@id\":\"https:\/\/relevantcards.com\/fr\/mentions-legales\/\",\"url\":\"https:\/\/relevantcards.com\/fr\/mentions-legales\/\",\"name\":\"Mentions l\u00e9gales | relevantcards\",\"isPartOf\":{\"@id\":\"https:\/\/relevantcards.com\/fr\/#website\"},\"datePublished\":\"2025-09-09T09:21:22+00:00\",\"dateModified\":\"2025-11-27T08:36:56+00:00\",\"breadcrumb\":{\"@id\":\"https:\/\/relevantcards.com\/fr\/mentions-legales\/#breadcrumb\"},\"inLanguage\":\"fr-FR\",\"potentialAction\":[{\"@type\":\"ReadAction\",\"target\":[\"https:\/\/relevantcards.com\/fr\/mentions-legales\/\"]}]},{\"@type\":\"BreadcrumbList\",\"@id\":\"https:\/\/relevantcards.com\/fr\/mentions-legales\/#breadcrumb\",\"itemListElement\":[{\"@type\":\"ListItem\",\"position\":1,\"name\":\"Accueil\",\"item\":\"https:\/\/relevantcards.com\/fr\/\"},{\"@type\":\"ListItem\",\"position\":2,\"name\":\"Mentions l\u00e9gales\"}]},{\"@type\":\"WebSite\",\"@id\":\"https:\/\/relevantcards.com\/fr\/#website\",\"url\":\"https:\/\/relevantcards.com\/fr\/\",\"name\":\"relevantcards\",\"description\":\"\",\"publisher\":{\"@id\":\"https:\/\/relevantcards.com\/fr\/#organization\"},\"potentialAction\":[{\"@type\":\"SearchAction\",\"target\":{\"@type\":\"EntryPoint\",\"urlTemplate\":\"https:\/\/relevantcards.com\/fr\/?s={search_term_string}\"},\"query-input\":{\"@type\":\"PropertyValueSpecification\",\"valueRequired\":true,\"valueName\":\"search_term_string\"}}],\"inLanguage\":\"fr-FR\"},{\"@type\":\"Organization\",\"@id\":\"https:\/\/relevantcards.com\/fr\/#organization\",\"name\":\"relevantcards\",\"url\":\"https:\/\/relevantcards.com\/fr\/\",\"logo\":{\"@type\":\"ImageObject\",\"inLanguage\":\"fr-FR\",\"@id\":\"https:\/\/relevantcards.com\/fr\/#\/schema\/logo\/image\/\",\"url\":\"https:\/\/relevantcards.com\/wp-content\/uploads\/2025\/08\/LOGO-V-Relevants-Cards.svg\",\"contentUrl\":\"https:\/\/relevantcards.com\/wp-content\/uploads\/2025\/08\/LOGO-V-Relevants-Cards.svg\",\"caption\":\"relevantcards\"},\"image\":{\"@id\":\"https:\/\/relevantcards.com\/fr\/#\/schema\/logo\/image\/\"}}]}<\/script>\n<!-- \/ Yoast SEO plugin. -->","yoast_head_json":{"title":"Mentions l\u00e9gales | relevantcards","robots":{"index":"index","follow":"follow","max-snippet":"max-snippet:-1","max-image-preview":"max-image-preview:large","max-video-preview":"max-video-preview:-1"},"canonical":"https:\/\/relevantcards.com\/fr\/mentions-legales\/","og_locale":"fr_FR","og_type":"article","og_title":"Mentions l\u00e9gales | relevantcards","og_description":"Pr\u00e9sentation du site internetMerci de lire avec attention les diff\u00e9rentes modalit\u00e9s d\u2019utilisation du pr\u00e9sent site avant d\u2019y parcourir ses pages. En naviguant sur ce site, vous acceptez sans r\u00e9serve les pr\u00e9sentes modalit\u00e9s. Aussi, conform\u00e9ment \u00e0 l\u2019article n\u00b06 de la Loi n\u00b02004-575 du 21 Juin 2004 pour la confiance dans l\u2019\u00e9conomie num\u00e9rique, les responsables du pr\u00e9sent [&hellip;]","og_url":"https:\/\/relevantcards.com\/fr\/mentions-legales\/","og_site_name":"relevantcards","article_modified_time":"2025-11-27T08:36:56+00:00","twitter_card":"summary_large_image","twitter_misc":{"Dur\u00e9e de lecture estim\u00e9e":"3 minutes"},"schema":{"@context":"https:\/\/schema.org","@graph":[{"@type":"WebPage","@id":"https:\/\/relevantcards.com\/fr\/mentions-legales\/","url":"https:\/\/relevantcards.com\/fr\/mentions-legales\/","name":"Mentions l\u00e9gales | relevantcards","isPartOf":{"@id":"https:\/\/relevantcards.com\/fr\/#website"},"datePublished":"2025-09-09T09:21:22+00:00","dateModified":"2025-11-27T08:36:56+00:00","breadcrumb":{"@id":"https:\/\/relevantcards.com\/fr\/mentions-legales\/#breadcrumb"},"inLanguage":"fr-FR","potentialAction":[{"@type":"ReadAction","target":["https:\/\/relevantcards.com\/fr\/mentions-legales\/"]}]},{"@type":"BreadcrumbList","@id":"https:\/\/relevantcards.com\/fr\/mentions-legales\/#breadcrumb","itemListElement":[{"@type":"ListItem","position":1,"name":"Accueil","item":"https:\/\/relevantcards.com\/fr\/"},{"@type":"ListItem","position":2,"name":"Mentions l\u00e9gales"}]},{"@type":"WebSite","@id":"https:\/\/relevantcards.com\/fr\/#website","url":"https:\/\/relevantcards.com\/fr\/","name":"relevantcards","description":"","publisher":{"@id":"https:\/\/relevantcards.com\/fr\/#organization"},"potentialAction":[{"@type":"SearchAction","target":{"@type":"EntryPoint","urlTemplate":"https:\/\/relevantcards.com\/fr\/?s={search_term_string}"},"query-input":{"@type":"PropertyValueSpecification","valueRequired":true,"valueName":"search_term_string"}}],"inLanguage":"fr-FR"},{"@type":"Organization","@id":"https:\/\/relevantcards.com\/fr\/#organization","name":"relevantcards","url":"https:\/\/relevantcards.com\/fr\/","logo":{"@type":"ImageObject","inLanguage":"fr-FR","@id":"https:\/\/relevantcards.com\/fr\/#\/schema\/logo\/image\/","url":"https:\/\/relevantcards.com\/wp-content\/uploads\/2025\/08\/LOGO-V-Relevants-Cards.svg","contentUrl":"https:\/\/relevantcards.com\/wp-content\/uploads\/2025\/08\/LOGO-V-Relevants-Cards.svg","caption":"relevantcards"},"image":{"@id":"https:\/\/relevantcards.com\/fr\/#\/schema\/logo\/image\/"}}]}},"_links":{"self":[{"href":"https:\/\/relevantcards.com\/fr\/wp-json\/wp\/v2\/pages\/1296","targetHints":{"allow":["GET"]}}],"collection":[{"href":"https:\/\/relevantcards.com\/fr\/wp-json\/wp\/v2\/pages"}],"about":[{"href":"https:\/\/relevantcards.com\/fr\/wp-json\/wp\/v2\/types\/page"}],"author":[{"embeddable":true,"href":"https:\/\/relevantcards.com\/fr\/wp-json\/wp\/v2\/users\/2"}],"replies":[{"embeddable":true,"href":"https:\/\/relevantcards.com\/fr\/wp-json\/wp\/v2\/comments?post=1296"}],"version-history":[{"count":2,"href":"https:\/\/relevantcards.com\/fr\/wp-json\/wp\/v2\/pages\/1296\/revisions"}],"predecessor-version":[{"id":1486,"href":"https:\/\/relevantcards.com\/fr\/wp-json\/wp\/v2\/pages\/1296\/revisions\/1486"}],"wp:attachment":[{"href":"https:\/\/relevantcards.com\/fr\/wp-json\/wp\/v2\/media?parent=1296"}],"curies":[{"name":"wp","href":"https:\/\/api.w.org\/{rel}","templated":true}]}}