{"id":23,"date":"2025-08-20T13:54:03","date_gmt":"2025-08-20T13:54:03","guid":{"rendered":"https:\/\/relevantcards.com\/?page_id=23"},"modified":"2025-10-02T10:19:41","modified_gmt":"2025-10-02T10:19:41","slug":"contact","status":"publish","type":"page","link":"https:\/\/relevantcards.com\/fr\/contact\/","title":{"rendered":"Contact"},"content":{"rendered":"\t\t<div data-elementor-type=\"wp-page\" data-elementor-id=\"23\" class=\"elementor elementor-23\" data-elementor-post-type=\"page\">\n\t\t\t\t<div class=\"elementor-element elementor-element-2bdf352 e-flex e-con-boxed e-con e-parent\" data-id=\"2bdf352\" data-element_type=\"container\">\n\t\t\t\t\t<div class=\"e-con-inner\">\n\t\t\t\t<div class=\"elementor-element elementor-element-563e9a7 elementor-align-center elementor-widget elementor-widget-breadcrumbs\" data-id=\"563e9a7\" data-element_type=\"widget\" data-widget_type=\"breadcrumbs.default\">\n\t\t\t\t\t<p id=\"breadcrumbs\"><span><span><a href=\"https:\/\/relevantcards.com\/fr\/\">Accueil<\/a><\/span><\/span><\/p>\t\t\t\t<\/div>\n\t\t\t\t<div class=\"elementor-element elementor-element-85e045f elementor-widget elementor-widget-heading\" data-id=\"85e045f\" data-element_type=\"widget\" data-widget_type=\"heading.default\">\n\t\t\t\t\t<h1 class=\"elementor-heading-title elementor-size-default\">Contactez-nous<\/h1>\t\t\t\t<\/div>\n\t\t\t\t<div class=\"elementor-element elementor-element-2ea9865 elementor-widget elementor-widget-text-editor\" data-id=\"2ea9865\" data-element_type=\"widget\" data-widget_type=\"text-editor.default\">\n\t\t\t\t\t\t\t\t\t<p>Une question, un projet, une envie de faire autrement ? <br \/>Parlons-en.<\/p>\t\t\t\t\t\t\t\t<\/div>\n\t\t<div class=\"elementor-element elementor-element-9d83c24 e-grid e-con-full e-con e-child\" data-id=\"9d83c24\" data-element_type=\"container\">\n\t\t\t\t<div class=\"elementor-element elementor-element-d2317ac elementor-view-default elementor-position-top elementor-mobile-position-top elementor-widget elementor-widget-icon-box\" data-id=\"d2317ac\" data-element_type=\"widget\" data-widget_type=\"icon-box.default\">\n\t\t\t\t\t\t\t<div class=\"elementor-icon-box-wrapper\">\n\n\t\t\t\t\t\t<div class=\"elementor-icon-box-icon\">\n\t\t\t\t<a href=\"mailto:contact@relevant-cards.fr\" class=\"elementor-icon\" tabindex=\"-1\">\n\t\t\t\t<svg xmlns=\"http:\/\/www.w3.org\/2000\/svg\" width=\"41.27\" height=\"32.788\" viewBox=\"0 0 41.27 32.788\"><g id=\"mail\" transform=\"translate(1.393 1)\"><path id=\"Trac&#xE9;_189\" data-name=\"Trac&#xE9; 189\" d=\"M5.849,4H36.637a3.86,3.86,0,0,1,3.849,3.848V30.939a3.86,3.86,0,0,1-3.849,3.848H5.849A3.86,3.86,0,0,1,2,30.939V7.848A3.86,3.86,0,0,1,5.849,4Z\" transform=\"translate(-2 -4)\" fill=\"none\" stroke=\"#deaa76\" stroke-linecap=\"round\" stroke-linejoin=\"round\" stroke-width=\"2\"><\/path><path id=\"Trac&#xE9;_190\" data-name=\"Trac&#xE9; 190\" d=\"M40.485,6,21.243,19.47,2,6\" transform=\"translate(-2 -2.152)\" fill=\"none\" stroke=\"#deaa76\" stroke-linecap=\"round\" stroke-linejoin=\"round\" stroke-width=\"2\"><\/path><\/g><\/svg>\t\t\t\t<\/a>\n\t\t\t<\/div>\n\t\t\t\n\t\t\t\t\t\t<div class=\"elementor-icon-box-content\">\n\n\t\t\t\t\n\t\t\t\t\t\t\t\t\t<p class=\"elementor-icon-box-description\">\n\t\t\t\t\t\t<strong>EMAIL<\/strong><br> contact@relevantcards.com\t\t\t\t\t<\/p>\n\t\t\t\t\n\t\t\t<\/div>\n\t\t\t\n\t\t<\/div>\n\t\t\t\t\t\t<\/div>\n\t\t\t\t<div class=\"elementor-element elementor-element-f01b3ea elementor-view-default elementor-position-top elementor-mobile-position-top elementor-widget elementor-widget-icon-box\" data-id=\"f01b3ea\" data-element_type=\"widget\" data-widget_type=\"icon-box.default\">\n\t\t\t\t\t\t\t<div class=\"elementor-icon-box-wrapper\">\n\n\t\t\t\t\t\t<div class=\"elementor-icon-box-icon\">\n\t\t\t\t<span  class=\"elementor-icon\">\n\t\t\t\t<svg xmlns=\"http:\/\/www.w3.org\/2000\/svg\" width=\"36.636\" height=\"44.333\" viewBox=\"0 0 36.636 44.333\"><g id=\"map-pin\" transform=\"translate(1 1)\"><path id=\"Trac&#xE9;_191\" data-name=\"Trac&#xE9; 191\" d=\"M37.636,18.318c0,13.47-17.318,25.015-17.318,25.015S3,31.788,3,18.318a17.318,17.318,0,0,1,34.636,0Z\" transform=\"translate(-3 -1)\" fill=\"none\" stroke=\"#deaa76\" stroke-linecap=\"round\" stroke-linejoin=\"round\" stroke-width=\"2\"><\/path><circle id=\"Ellipse_5\" data-name=\"Ellipse 5\" cx=\"6\" cy=\"6\" r=\"6\" transform=\"translate(11.272 11)\" fill=\"none\" stroke=\"#deaa76\" stroke-linecap=\"round\" stroke-linejoin=\"round\" stroke-width=\"2\"><\/circle><\/g><\/svg>\t\t\t\t<\/span>\n\t\t\t<\/div>\n\t\t\t\n\t\t\t\t\t\t<div class=\"elementor-icon-box-content\">\n\n\t\t\t\t\n\t\t\t\t\t\t\t\t\t<p class=\"elementor-icon-box-description\">\n\t\t\t\t\t\t <strong>ADRESSE<\/strong><br>Relevant Cards<br>9 rue Manfred Behr<br> 68250 Rouffach - France\t\t\t\t\t<\/p>\n\t\t\t\t\n\t\t\t<\/div>\n\t\t\t\n\t\t<\/div>\n\t\t\t\t\t\t<\/div>\n\t\t\t\t<\/div>\n\t\t<div class=\"elementor-element elementor-element-4601e4f e-con-full e-flex e-con e-child\" data-id=\"4601e4f\" data-element_type=\"container\">\n\t\t\t\t<div class=\"elementor-element elementor-element-f906889 title-mixedcase elementor-widget elementor-widget-heading\" data-id=\"f906889\" data-element_type=\"widget\" data-widget_type=\"heading.default\">\n\t\t\t\t\t<h2 class=\"elementor-heading-title elementor-size-default\">Formulaire de contact<\/h2>\t\t\t\t<\/div>\n\t\t\t\t<div class=\"elementor-element elementor-element-9d780e0 elementor-button-align-stretch elementor-widget elementor-widget-form\" data-id=\"9d780e0\" data-element_type=\"widget\" data-settings=\"{&quot;button_width&quot;:&quot;40&quot;,&quot;button_width_tablet&quot;:&quot;66&quot;,&quot;step_next_label&quot;:&quot;Next&quot;,&quot;step_previous_label&quot;:&quot;Previous&quot;,&quot;step_type&quot;:&quot;number_text&quot;,&quot;step_icon_shape&quot;:&quot;circle&quot;}\" data-widget_type=\"form.default\">\n\t\t\t\t\t\t\t<form class=\"elementor-form\" method=\"post\" name=\"Echantillon\" aria-label=\"Echantillon\">\n\t\t\t<input type=\"hidden\" name=\"post_id\" value=\"23\"\/>\n\t\t\t<input type=\"hidden\" name=\"form_id\" value=\"9d780e0\"\/>\n\t\t\t<input type=\"hidden\" name=\"referer_title\" value=\"Contact | relevantcards\" \/>\n\n\t\t\t\t\t\t\t<input type=\"hidden\" name=\"queried_id\" value=\"23\"\/>\n\t\t\t\n\t\t\t<div class=\"elementor-form-fields-wrapper elementor-labels-\">\n\t\t\t\t\t\t\t\t<div class=\"elementor-field-type-text elementor-field-group elementor-column elementor-field-group-name elementor-col-100 elementor-field-required\">\n\t\t\t\t\t\t\t\t\t\t\t\t<label for=\"form-field-name\" class=\"elementor-field-label elementor-screen-only\">\n\t\t\t\t\t\t\t\tSOCI\u00c9T\u00c9\t\t\t\t\t\t\t<\/label>\n\t\t\t\t\t\t\t\t\t\t\t\t\t\t<input size=\"1\" type=\"text\" name=\"form_fields[name]\" id=\"form-field-name\" class=\"elementor-field elementor-size-md  elementor-field-textual\" placeholder=\"SOCI\u00c9T\u00c9 *\" required=\"required\">\n\t\t\t\t\t\t\t\t\t\t\t<\/div>\n\t\t\t\t\t\t\t\t<div class=\"elementor-field-type-text elementor-field-group elementor-column elementor-field-group-field_a425ea2 elementor-col-50\">\n\t\t\t\t\t\t\t\t\t\t\t\t<label for=\"form-field-field_a425ea2\" class=\"elementor-field-label elementor-screen-only\">\n\t\t\t\t\t\t\t\tPR\u00c9NOM\t\t\t\t\t\t\t<\/label>\n\t\t\t\t\t\t\t\t\t\t\t\t\t\t<input size=\"1\" type=\"text\" name=\"form_fields[field_a425ea2]\" id=\"form-field-field_a425ea2\" class=\"elementor-field elementor-size-md  elementor-field-textual\" placeholder=\"PR\u00c9NOM\">\n\t\t\t\t\t\t\t\t\t\t\t<\/div>\n\t\t\t\t\t\t\t\t<div class=\"elementor-field-type-text elementor-field-group elementor-column elementor-field-group-field_6694d10 elementor-col-50 elementor-field-required\">\n\t\t\t\t\t\t\t\t\t\t\t\t<label for=\"form-field-field_6694d10\" class=\"elementor-field-label elementor-screen-only\">\n\t\t\t\t\t\t\t\tNOM\t\t\t\t\t\t\t<\/label>\n\t\t\t\t\t\t\t\t\t\t\t\t\t\t<input size=\"1\" type=\"text\" name=\"form_fields[field_6694d10]\" id=\"form-field-field_6694d10\" class=\"elementor-field elementor-size-md  elementor-field-textual\" placeholder=\"NOM *\" required=\"required\">\n\t\t\t\t\t\t\t\t\t\t\t<\/div>\n\t\t\t\t\t\t\t\t<div class=\"elementor-field-type-email elementor-field-group elementor-column elementor-field-group-email elementor-col-50 elementor-field-required\">\n\t\t\t\t\t\t\t\t\t\t\t\t<label for=\"form-field-email\" class=\"elementor-field-label elementor-screen-only\">\n\t\t\t\t\t\t\t\tADRESSE E-MAIL\t\t\t\t\t\t\t<\/label>\n\t\t\t\t\t\t\t\t\t\t\t\t\t\t<input size=\"1\" type=\"email\" name=\"form_fields[email]\" id=\"form-field-email\" class=\"elementor-field elementor-size-md  elementor-field-textual\" placeholder=\"ADRESSE E-MAIL *\" required=\"required\">\n\t\t\t\t\t\t\t\t\t\t\t<\/div>\n\t\t\t\t\t\t\t\t<div class=\"elementor-field-type-tel elementor-field-group elementor-column elementor-field-group-field_1c86b11 elementor-col-50\">\n\t\t\t\t\t\t\t\t\t\t\t\t<label for=\"form-field-field_1c86b11\" class=\"elementor-field-label elementor-screen-only\">\n\t\t\t\t\t\t\t\tT\u00c9L\u00c9PHONE\t\t\t\t\t\t\t<\/label>\n\t\t\t\t\t\t\t\t<input size=\"1\" type=\"tel\" name=\"form_fields[field_1c86b11]\" id=\"form-field-field_1c86b11\" class=\"elementor-field elementor-size-md  elementor-field-textual\" placeholder=\"T\u00c9L\u00c9PHONE\" pattern=\"[0-9()#&amp;+*-=.]+\" title=\"Only numbers and phone characters (#, -, *, etc) are accepted.\">\n\n\t\t\t\t\t\t<\/div>\n\t\t\t\t\t\t\t\t<div class=\"elementor-field-type-textarea elementor-field-group elementor-column elementor-field-group-message elementor-col-100\">\n\t\t\t\t\t\t\t\t\t\t\t\t<label for=\"form-field-message\" class=\"elementor-field-label elementor-screen-only\">\n\t\t\t\t\t\t\t\tVOTRE MESSAGE\t\t\t\t\t\t\t<\/label>\n\t\t\t\t\t\t<textarea class=\"elementor-field-textual elementor-field  elementor-size-md\" name=\"form_fields[message]\" id=\"form-field-message\" rows=\"4\" placeholder=\"VOTRE MESSAGE\"><\/textarea>\t\t\t\t<\/div>\n\t\t\t\t\t\t\t\t<div class=\"elementor-field-type-checkbox elementor-field-group elementor-column elementor-field-group-field_85f3291 elementor-col-100\">\n\t\t\t\t\t\t\t\t\t\t\t\t<label for=\"form-field-field_85f3291\" class=\"elementor-field-label elementor-screen-only\">\n\t\t\t\t\t\t\t\tRGPD\t\t\t\t\t\t\t<\/label>\n\t\t\t\t\t\t<div class=\"elementor-field-subgroup  elementor-subgroup-inline\"><span class=\"elementor-field-option\"><input type=\"checkbox\" value=\"En cochant cette case, j&#039;accepte de recevoir des informations commerciales de Relevant Cards par voie \u00e9lectronique en accord avec notre politique de confidentialit\u00e9 et de gestion des cookies. Vous pouvez vous d\u00e9sinscrire \u00e0 tout moment \u00e0 travers les liens de d\u00e9sinscriptions pr\u00e9sents sur toutes nos communications ou par email.\" id=\"form-field-field_85f3291-0\" name=\"form_fields[field_85f3291]\"> <label for=\"form-field-field_85f3291-0\">En cochant cette case, j'accepte de recevoir des informations commerciales de Relevant Cards par voie \u00e9lectronique en accord avec notre politique de confidentialit\u00e9 et de gestion des cookies. Vous pouvez vous d\u00e9sinscrire \u00e0 tout moment \u00e0 travers les liens de d\u00e9sinscriptions pr\u00e9sents sur toutes nos communications ou par email.<\/label><\/span><\/div>\t\t\t\t<\/div>\n\t\t\t\t\t\t\t\t<div class=\"elementor-field-group elementor-column elementor-field-type-submit elementor-col-40 e-form__buttons elementor-md-66\">\n\t\t\t\t\t<button class=\"elementor-button elementor-size-sm\" type=\"submit\">\n\t\t\t\t\t\t<span class=\"elementor-button-content-wrapper\">\n\t\t\t\t\t\t\t\t\t\t\t\t\t\t\t\t\t\t\t\t\t\t<span class=\"elementor-button-text\">Envoyer ma demande<\/span>\n\t\t\t\t\t\t\t\t\t\t\t\t\t<\/span>\n\t\t\t\t\t<\/button>\n\t\t\t\t<\/div>\n\t\t\t<\/div>\n\t\t<\/form>\n\t\t\t\t\t\t<\/div>\n\t\t\t\t<\/div>\n\t\t\t\t\t<\/div>\n\t\t\t\t<\/div>\n\t\t\t\t<\/div>\n\t\t","protected":false},"excerpt":{"rendered":"<p>Contactez-nous Une question, un projet, une envie de faire autrement ? Parlons-en. EMAIL contact@relevantcards.com ADRESSERelevant Cards9 rue Manfred Behr 68250 Rouffach &#8211; France Formulaire de contact<\/p>\n","protected":false},"author":3,"featured_media":0,"parent":0,"menu_order":0,"comment_status":"closed","ping_status":"closed","template":"","meta":{"footnotes":""},"class_list":["post-23","page","type-page","status-publish","hentry"],"yoast_head":"<!-- This site is optimized with the Yoast SEO plugin v25.9 - https:\/\/yoast.com\/wordpress\/plugins\/seo\/ -->\n<title>Contact | relevantcards<\/title>\n<meta name=\"robots\" content=\"index, follow, max-snippet:-1, max-image-preview:large, max-video-preview:-1\" \/>\n<link rel=\"canonical\" href=\"https:\/\/relevantcards.com\/fr\/contact\/\" \/>\n<meta property=\"og:locale\" content=\"fr_FR\" \/>\n<meta property=\"og:type\" content=\"article\" \/>\n<meta property=\"og:title\" content=\"Contact | relevantcards\" \/>\n<meta property=\"og:description\" content=\"Contactez-nous Une question, un projet, une envie de faire autrement ? Parlons-en. EMAIL contact@relevantcards.com ADRESSERelevant Cards9 rue Manfred Behr 68250 Rouffach &#8211; France Formulaire de contact\" \/>\n<meta property=\"og:url\" content=\"https:\/\/relevantcards.com\/fr\/contact\/\" \/>\n<meta property=\"og:site_name\" content=\"relevantcards\" \/>\n<meta property=\"article:modified_time\" content=\"2025-10-02T10:19:41+00:00\" \/>\n<meta name=\"twitter:card\" content=\"summary_large_image\" \/>\n<meta name=\"twitter:label1\" content=\"Dur\u00e9e de lecture estim\u00e9e\" \/>\n\t<meta name=\"twitter:data1\" content=\"1 minute\" \/>\n<script type=\"application\/ld+json\" class=\"yoast-schema-graph\">{\"@context\":\"https:\/\/schema.org\",\"@graph\":[{\"@type\":\"WebPage\",\"@id\":\"https:\/\/relevantcards.com\/fr\/contact\/\",\"url\":\"https:\/\/relevantcards.com\/fr\/contact\/\",\"name\":\"Contact | relevantcards\",\"isPartOf\":{\"@id\":\"https:\/\/relevantcards.com\/fr\/#website\"},\"datePublished\":\"2025-08-20T13:54:03+00:00\",\"dateModified\":\"2025-10-02T10:19:41+00:00\",\"breadcrumb\":{\"@id\":\"https:\/\/relevantcards.com\/fr\/contact\/#breadcrumb\"},\"inLanguage\":\"fr-FR\",\"potentialAction\":[{\"@type\":\"ReadAction\",\"target\":[\"https:\/\/relevantcards.com\/fr\/contact\/\"]}]},{\"@type\":\"BreadcrumbList\",\"@id\":\"https:\/\/relevantcards.com\/fr\/contact\/#breadcrumb\",\"itemListElement\":[{\"@type\":\"ListItem\",\"position\":1,\"name\":\"Accueil\",\"item\":\"https:\/\/relevantcards.com\/fr\/\"},{\"@type\":\"ListItem\",\"position\":2,\"name\":\"Contact\"}]},{\"@type\":\"WebSite\",\"@id\":\"https:\/\/relevantcards.com\/fr\/#website\",\"url\":\"https:\/\/relevantcards.com\/fr\/\",\"name\":\"relevantcards\",\"description\":\"\",\"publisher\":{\"@id\":\"https:\/\/relevantcards.com\/fr\/#organization\"},\"potentialAction\":[{\"@type\":\"SearchAction\",\"target\":{\"@type\":\"EntryPoint\",\"urlTemplate\":\"https:\/\/relevantcards.com\/fr\/?s={search_term_string}\"},\"query-input\":{\"@type\":\"PropertyValueSpecification\",\"valueRequired\":true,\"valueName\":\"search_term_string\"}}],\"inLanguage\":\"fr-FR\"},{\"@type\":\"Organization\",\"@id\":\"https:\/\/relevantcards.com\/fr\/#organization\",\"name\":\"relevantcards\",\"url\":\"https:\/\/relevantcards.com\/fr\/\",\"logo\":{\"@type\":\"ImageObject\",\"inLanguage\":\"fr-FR\",\"@id\":\"https:\/\/relevantcards.com\/fr\/#\/schema\/logo\/image\/\",\"url\":\"https:\/\/relevantcards.com\/wp-content\/uploads\/2025\/08\/LOGO-V-Relevants-Cards.svg\",\"contentUrl\":\"https:\/\/relevantcards.com\/wp-content\/uploads\/2025\/08\/LOGO-V-Relevants-Cards.svg\",\"caption\":\"relevantcards\"},\"image\":{\"@id\":\"https:\/\/relevantcards.com\/fr\/#\/schema\/logo\/image\/\"}}]}<\/script>\n<!-- \/ Yoast SEO plugin. -->","yoast_head_json":{"title":"Contact | relevantcards","robots":{"index":"index","follow":"follow","max-snippet":"max-snippet:-1","max-image-preview":"max-image-preview:large","max-video-preview":"max-video-preview:-1"},"canonical":"https:\/\/relevantcards.com\/fr\/contact\/","og_locale":"fr_FR","og_type":"article","og_title":"Contact | relevantcards","og_description":"Contactez-nous Une question, un projet, une envie de faire autrement ? Parlons-en. EMAIL contact@relevantcards.com ADRESSERelevant Cards9 rue Manfred Behr 68250 Rouffach &#8211; France Formulaire de contact","og_url":"https:\/\/relevantcards.com\/fr\/contact\/","og_site_name":"relevantcards","article_modified_time":"2025-10-02T10:19:41+00:00","twitter_card":"summary_large_image","twitter_misc":{"Dur\u00e9e de lecture estim\u00e9e":"1 minute"},"schema":{"@context":"https:\/\/schema.org","@graph":[{"@type":"WebPage","@id":"https:\/\/relevantcards.com\/fr\/contact\/","url":"https:\/\/relevantcards.com\/fr\/contact\/","name":"Contact | relevantcards","isPartOf":{"@id":"https:\/\/relevantcards.com\/fr\/#website"},"datePublished":"2025-08-20T13:54:03+00:00","dateModified":"2025-10-02T10:19:41+00:00","breadcrumb":{"@id":"https:\/\/relevantcards.com\/fr\/contact\/#breadcrumb"},"inLanguage":"fr-FR","potentialAction":[{"@type":"ReadAction","target":["https:\/\/relevantcards.com\/fr\/contact\/"]}]},{"@type":"BreadcrumbList","@id":"https:\/\/relevantcards.com\/fr\/contact\/#breadcrumb","itemListElement":[{"@type":"ListItem","position":1,"name":"Accueil","item":"https:\/\/relevantcards.com\/fr\/"},{"@type":"ListItem","position":2,"name":"Contact"}]},{"@type":"WebSite","@id":"https:\/\/relevantcards.com\/fr\/#website","url":"https:\/\/relevantcards.com\/fr\/","name":"relevantcards","description":"","publisher":{"@id":"https:\/\/relevantcards.com\/fr\/#organization"},"potentialAction":[{"@type":"SearchAction","target":{"@type":"EntryPoint","urlTemplate":"https:\/\/relevantcards.com\/fr\/?s={search_term_string}"},"query-input":{"@type":"PropertyValueSpecification","valueRequired":true,"valueName":"search_term_string"}}],"inLanguage":"fr-FR"},{"@type":"Organization","@id":"https:\/\/relevantcards.com\/fr\/#organization","name":"relevantcards","url":"https:\/\/relevantcards.com\/fr\/","logo":{"@type":"ImageObject","inLanguage":"fr-FR","@id":"https:\/\/relevantcards.com\/fr\/#\/schema\/logo\/image\/","url":"https:\/\/relevantcards.com\/wp-content\/uploads\/2025\/08\/LOGO-V-Relevants-Cards.svg","contentUrl":"https:\/\/relevantcards.com\/wp-content\/uploads\/2025\/08\/LOGO-V-Relevants-Cards.svg","caption":"relevantcards"},"image":{"@id":"https:\/\/relevantcards.com\/fr\/#\/schema\/logo\/image\/"}}]}},"_links":{"self":[{"href":"https:\/\/relevantcards.com\/fr\/wp-json\/wp\/v2\/pages\/23","targetHints":{"allow":["GET"]}}],"collection":[{"href":"https:\/\/relevantcards.com\/fr\/wp-json\/wp\/v2\/pages"}],"about":[{"href":"https:\/\/relevantcards.com\/fr\/wp-json\/wp\/v2\/types\/page"}],"author":[{"embeddable":true,"href":"https:\/\/relevantcards.com\/fr\/wp-json\/wp\/v2\/users\/3"}],"replies":[{"embeddable":true,"href":"https:\/\/relevantcards.com\/fr\/wp-json\/wp\/v2\/comments?post=23"}],"version-history":[{"count":43,"href":"https:\/\/relevantcards.com\/fr\/wp-json\/wp\/v2\/pages\/23\/revisions"}],"predecessor-version":[{"id":1478,"href":"https:\/\/relevantcards.com\/fr\/wp-json\/wp\/v2\/pages\/23\/revisions\/1478"}],"wp:attachment":[{"href":"https:\/\/relevantcards.com\/fr\/wp-json\/wp\/v2\/media?parent=23"}],"curies":[{"name":"wp","href":"https:\/\/api.w.org\/{rel}","templated":true}]}}